{"id":12277,"date":"2025-08-05T16:03:55","date_gmt":"2025-08-05T14:03:55","guid":{"rendered":"https:\/\/wintercottage-berlin.de\/?page_id=12277"},"modified":"2025-11-18T13:33:48","modified_gmt":"2025-11-18T12:33:48","slug":"impressum","status":"publish","type":"page","link":"https:\/\/wintercottage-berlin.de\/en\/impressum\/","title":{"rendered":"Imprint"},"content":{"rendered":"\t\t<div data-elementor-type=\"wp-page\" data-elementor-id=\"12277\" class=\"elementor elementor-12277\">\n\t\t\t\t<div class=\"elementor-element elementor-element-c19c8ad e-con-full e-flex e-con e-parent\" data-id=\"c19c8ad\" data-element_type=\"container\" data-e-type=\"container\" data-settings=\"{&quot;background_background&quot;:&quot;classic&quot;}\">\n\t\t<div class=\"elementor-element elementor-element-bfff958 e-con-full e-flex e-con e-child\" data-id=\"bfff958\" data-element_type=\"container\" data-e-type=\"container\">\n\t\t\t\t<div class=\"elementor-element elementor-element-75cc1e1 elementor-widget__width-initial elementor-hidden-tablet elementor-hidden-mobile elementor-widget elementor-widget-fidalgo_core_single_image\" data-id=\"75cc1e1\" data-element_type=\"widget\" data-e-type=\"widget\" data-widget_type=\"fidalgo_core_single_image.default\">\n\t\t\t\t<div class=\"elementor-widget-container\">\n\t\t\t\t\t<div class=\"qodef-shortcode qodef-m  qodef-single-image qodef-layout--default  qodef--retina    \" >\n\t\t\t<div class=\"qodef-m-image\">\n\t\t\t\t\t\t\t<a itemprop=\"url\" href=\"https:\/\/wintercottage-berlin.de\" target=\"_self\">\n\t\t\t\t\t\t\t\t\t\t\t\t\t\t\t\t<img decoding=\"async\" itemprop=\"image\" src=\"https:\/\/wintercottage-berlin.de\/wp-content\/uploads\/2025\/10\/Logo-WinterCottage-white.png\" width=\"326\" height=\"153\" alt=\"\" \/>\n\t\t\t\t\t\t\t\t\t\t\t\t\t\t\t<\/a>\n\t\t\t\t\t<\/div>\n\t\t\t\t\t<\/div>\n\t\t\t\t<\/div>\n\t\t\t\t<\/div>\n\t\t\t\t<div class=\"elementor-element elementor-element-9cf822a elementor-hidden-mobile elementor-widget elementor-widget-text-editor\" data-id=\"9cf822a\" data-element_type=\"widget\" data-e-type=\"widget\" data-widget_type=\"text-editor.default\">\n\t\t\t\t<div class=\"elementor-widget-container\">\n\t\t\t\t\t\t\t\t\t<p>Kulinarische K\u00f6stlichkeiten im Winter Cottage Berlin<\/p>\t\t\t\t\t\t\t\t<\/div>\n\t\t\t\t<\/div>\n\t\t\t\t<\/div>\n\t\t<div class=\"elementor-element elementor-element-08e43fc e-con-full e-flex e-con e-child\" data-id=\"08e43fc\" data-element_type=\"container\" data-e-type=\"container\" data-settings=\"{&quot;background_background&quot;:&quot;slideshow&quot;,&quot;background_slideshow_gallery&quot;:[],&quot;background_slideshow_loop&quot;:&quot;yes&quot;,&quot;background_slideshow_slide_duration&quot;:5000,&quot;background_slideshow_slide_transition&quot;:&quot;fade&quot;,&quot;background_slideshow_transition_duration&quot;:500}\">\n\t\t\t\t<div class=\"elementor-element elementor-element-6022b3e elementor-widget elementor-widget-qi_addons_for_elementor_image_slider\" data-id=\"6022b3e\" data-element_type=\"widget\" data-e-type=\"widget\" data-widget_type=\"qi_addons_for_elementor_image_slider.default\">\n\t\t\t\t<div class=\"elementor-widget-container\">\n\t\t\t\t\t<div class=\"qodef-shortcode qodef-m qodef-qi-image-slider qodef-qi-fslightbox-popup qodef-popup-gallery qodef-col-num--1 qodef-qi-grid qodef-qi-swiper-container\" data-options=\"{&quot;direction&quot;:&quot;horizontal&quot;,&quot;slidesPerView&quot;:&quot;1&quot;,&quot;spaceBetween&quot;:0,&quot;spaceBetweenTablet&quot;:30,&quot;spaceBetweenMobile&quot;:30,&quot;effect&quot;:&quot;slide&quot;,&quot;loop&quot;:true,&quot;autoplay&quot;:true,&quot;centeredSlides&quot;:true,&quot;speed&quot;:&quot;8000&quot;,&quot;speedAnimation&quot;:&quot;800&quot;,&quot;outsideNavigation&quot;:&quot;no&quot;,&quot;outsidePagination&quot;:&quot;no&quot;,&quot;unique&quot;:674,&quot;partialValue&quot;:0,&quot;disablePartialValue&quot;:&quot;&quot;,&quot;parallax&quot;:&quot;no&quot;}\">\n\t<div class=\"swiper-wrapper\">\n\t\t<div class=\"qodef-e swiper-slide\">\n\t<div class=\"qodef-e-inner\">\n\t\t<div class=\"qodef-e-inner-holder\">\n\t\t\t\t\t\t\t<a class=\"qodef-popup-item\" itemprop=\"image\" href=\"https:\/\/wintercottage-berlin.de\/wp-content\/uploads\/2024\/07\/Wintercottage_1.webp\" data-type=\"image\" data-fslightbox=\"gallery-674\" data-e-disable-page-transition=\u201dtrue\u201d>\n\t\t\t\t\t\t\t<img fetchpriority=\"high\" decoding=\"async\" width=\"1080\" height=\"674\" src=\"https:\/\/wintercottage-berlin.de\/wp-content\/uploads\/2024\/07\/Wintercottage_1.webp\" class=\"attachment-full size-full\" alt=\"Au\u00dfenansicht WinterCottage Berlin\" srcset=\"https:\/\/wintercottage-berlin.de\/wp-content\/uploads\/2024\/07\/Wintercottage_1.webp 1080w, https:\/\/wintercottage-berlin.de\/wp-content\/uploads\/2024\/07\/Wintercottage_1-300x187.webp 300w, https:\/\/wintercottage-berlin.de\/wp-content\/uploads\/2024\/07\/Wintercottage_1-1024x639.webp 1024w, https:\/\/wintercottage-berlin.de\/wp-content\/uploads\/2024\/07\/Wintercottage_1-768x479.webp 768w\" sizes=\"(max-width: 1080px) 100vw, 1080px\" \/>\t\t\t\t\t\t\t<\/a>\n\t\t\t\t\t<\/div>\n\t<\/div>\n\t<\/div>\n<div class=\"qodef-e swiper-slide\">\n\t<div class=\"qodef-e-inner\">\n\t\t<div class=\"qodef-e-inner-holder\">\n\t\t\t\t\t\t\t<a class=\"qodef-popup-item\" itemprop=\"image\" href=\"https:\/\/wintercottage-berlin.de\/wp-content\/uploads\/2024\/07\/Wintercottage_5.webp\" data-type=\"image\" data-fslightbox=\"gallery-674\" data-e-disable-page-transition=\u201dtrue\u201d>\n\t\t\t\t\t\t\t<img decoding=\"async\" width=\"1024\" height=\"683\" src=\"https:\/\/wintercottage-berlin.de\/wp-content\/uploads\/2024\/07\/Wintercottage_5.webp\" class=\"attachment-full size-full\" alt=\"Vorfreude auf das WinterCottage\" srcset=\"https:\/\/wintercottage-berlin.de\/wp-content\/uploads\/2024\/07\/Wintercottage_5.webp 1024w, https:\/\/wintercottage-berlin.de\/wp-content\/uploads\/2024\/07\/Wintercottage_5-300x200.webp 300w, https:\/\/wintercottage-berlin.de\/wp-content\/uploads\/2024\/07\/Wintercottage_5-768x512.webp 768w\" sizes=\"(max-width: 1024px) 100vw, 1024px\" \/>\t\t\t\t\t\t\t<\/a>\n\t\t\t\t\t<\/div>\n\t<\/div>\n\t<\/div>\n<div class=\"qodef-e swiper-slide\">\n\t<div class=\"qodef-e-inner\">\n\t\t<div class=\"qodef-e-inner-holder\">\n\t\t\t\t\t\t\t<a class=\"qodef-popup-item\" itemprop=\"image\" href=\"https:\/\/wintercottage-berlin.de\/wp-content\/uploads\/2024\/08\/Wintercottage_13.webp\" data-type=\"image\" data-fslightbox=\"gallery-674\" data-e-disable-page-transition=\u201dtrue\u201d>\n\t\t\t\t\t\t\t<img loading=\"lazy\" decoding=\"async\" width=\"1024\" height=\"683\" src=\"https:\/\/wintercottage-berlin.de\/wp-content\/uploads\/2024\/08\/Wintercottage_13.webp\" class=\"attachment-full size-full\" alt=\"Blick auf den Neptunbrunnen\" srcset=\"https:\/\/wintercottage-berlin.de\/wp-content\/uploads\/2024\/08\/Wintercottage_13.webp 1024w, https:\/\/wintercottage-berlin.de\/wp-content\/uploads\/2024\/08\/Wintercottage_13-300x200.webp 300w, https:\/\/wintercottage-berlin.de\/wp-content\/uploads\/2024\/08\/Wintercottage_13-768x512.webp 768w\" sizes=\"(max-width: 1024px) 100vw, 1024px\" \/>\t\t\t\t\t\t\t<\/a>\n\t\t\t\t\t<\/div>\n\t<\/div>\n\t<\/div>\n\t<\/div>\n\t<\/div>\n\t\t\t\t<\/div>\n\t\t\t\t<\/div>\n\t\t\t\t<\/div>\n\t\t\t\t<\/div>\n\t\t<div class=\"elementor-element elementor-element-a32c501 e-con-full e-flex e-con e-parent\" data-id=\"a32c501\" data-element_type=\"container\" data-e-type=\"container\">\n\t\t\t\t<div class=\"elementor-element elementor-element-b39af7b elementor-widget elementor-widget-qi_addons_for_elementor_section_title\" data-id=\"b39af7b\" data-element_type=\"widget\" data-e-type=\"widget\" data-widget_type=\"qi_addons_for_elementor_section_title.default\">\n\t\t\t\t<div class=\"elementor-widget-container\">\n\t\t\t\t\t<div class=\"qodef-shortcode qodef-m qodef-qi-section-title qodef-decoration--italic qodef-link--underline-draw qodef-subtitle-icon--left\">\n\t\t\t\t<h5 class=\"qodef-m-subtitle\">\n\t\tAngaben gem. \u00a75 TMG und \u00a755 ABS. 2 RSTV (\u201eImpressumspflicht\u201c)\t\t\t<\/h5>\n\t\t\t<h1 class=\"qodef-m-title\">\n\t\tImpressum\t<\/h1>\n\t\t\t<\/div>\n\t\t\t\t<\/div>\n\t\t\t\t<\/div>\n\t\t\t\t<\/div>\n\t\t<div class=\"elementor-element elementor-element-cd938d6 e-con-full e-flex e-con e-parent\" data-id=\"cd938d6\" data-element_type=\"container\" data-e-type=\"container\">\n\t\t<div class=\"elementor-element elementor-element-a02537e e-con-full e-flex elementor-invisible e-con e-child\" data-id=\"a02537e\" data-element_type=\"container\" data-e-type=\"container\" data-settings=\"{&quot;animation&quot;:&quot;fadeInLeft&quot;}\">\n\t\t\t\t<div class=\"elementor-element elementor-element-f37c693 elementor-widget elementor-widget-heading\" data-id=\"f37c693\" data-element_type=\"widget\" data-e-type=\"widget\" data-widget_type=\"heading.default\">\n\t\t\t\t<div class=\"elementor-widget-container\">\n\t\t\t\t\t<h2 class=\"elementor-heading-title elementor-size-default\">Webseiten Betreiber<\/h2>\t\t\t\t<\/div>\n\t\t\t\t<\/div>\n\t\t\t\t<div class=\"elementor-element elementor-element-14be142 elementor-widget elementor-widget-text-editor\" data-id=\"14be142\" data-element_type=\"widget\" data-e-type=\"widget\" data-widget_type=\"text-editor.default\">\n\t\t\t\t<div class=\"elementor-widget-container\">\n\t\t\t\t\t\t\t\t\t<p><strong>Name und Adresse des Webseiten-Betreibers*<\/strong><br \/>Look Catering UG (haftungsbeschr\u00e4nkt)<br \/>Grabensprung 4<br \/>DE &#8211; 12683 Berlin (Germany)<\/p><p><strong>Kontaktkan\u00e4le des Webseiten-Betreibers*<\/strong><br \/>Telefon: +49 (0)30 &#8211; 510 66 966<br \/>Mobil: +49 (0)177 &#8211; 74 99 019<br \/>E-Mail: info[at]look-catering.de<br \/>Post: Grabensprung 4, 12683 Berlin<\/p><p><strong>*\u00a0<\/strong>Der Nutzung von im Rahmen der Impressumspflicht hier ver\u00f6ffentlichten Adress- und Kontaktdaten zur\u00a0<strong>\u00dcbersendung von nicht ausdr\u00fccklich angeforderter Werbung\u00a0<\/strong>wird vorsorglich bereits hier widersprochen. Der Betreiber der Webseiten beh\u00e4lt sich ausdr\u00fccklich rechtliche Schritte im Falle der\u00a0<strong>unverlangten Zusendung von Werbeinformationen<\/strong>, etwa \u00fcber Spam-E-Mails, vor.<\/p>\t\t\t\t\t\t\t\t<\/div>\n\t\t\t\t<\/div>\n\t\t\t\t<\/div>\n\t\t<div class=\"elementor-element elementor-element-b95a03a e-con-full e-flex elementor-invisible e-con e-child\" data-id=\"b95a03a\" data-element_type=\"container\" data-e-type=\"container\" data-settings=\"{&quot;animation&quot;:&quot;fadeInRight&quot;}\">\n\t\t\t\t<div class=\"elementor-element elementor-element-0dd0a8b elementor-widget elementor-widget-heading\" data-id=\"0dd0a8b\" data-element_type=\"widget\" data-e-type=\"widget\" data-widget_type=\"heading.default\">\n\t\t\t\t<div class=\"elementor-widget-container\">\n\t\t\t\t\t<h2 class=\"elementor-heading-title elementor-size-default\">Weitere Angaben<\/h2>\t\t\t\t<\/div>\n\t\t\t\t<\/div>\n\t\t\t\t<div class=\"elementor-element elementor-element-f1fe934 elementor-widget elementor-widget-text-editor\" data-id=\"f1fe934\" data-element_type=\"widget\" data-e-type=\"widget\" data-widget_type=\"text-editor.default\">\n\t\t\t\t<div class=\"elementor-widget-container\">\n\t\t\t\t\t\t\t\t\t<p><strong>Registereintrag:<br \/><\/strong>Eintragung im Handelsregister<br \/>AG Berlin-Charlottenburg, HRB126023B<\/p><p><strong>Umsatzsteuer:<\/strong><br \/>Umsatzsteuer-Identifikationsnummer gem\u00e4\u00df \u00a727 a Umsatzsteuergesetz: USt.-IdNr.: DE271726773<\/p><p>Robby M\u00fcller (Anschrift siehe links) ist verantwortlich fu\u0308r alle Webseiten-Inhalte nach \u00a7 55 Abs. 2 RStV und gilt als verantwortlicher Datenschutzbeauftragter nach Art.37 \u2013 EU-DSGVO<\/p><p><strong>Online Streitbeteiligung:<br \/>Angaben gem\u00e4\u00df EU-Verordnung Nr. 524\/2013 \u00fcber die \u201eOnline-Beilegung verbraucher-rechtlicher Streitigkeiten\u201c, sowie gem\u00e4\u00df \u00a7 36 Verbraucherstreitbeilegungsgesetz (VSBG):<\/strong><\/p><p>Die Europ\u00e4ische Kommission stellt eine Plattform zur Online-Streitbeilegung (OS) bereit:\u00a0<a href=\"https:\/\/ec.europa.eu\/consumers\/odr\/main\/index.cfm?event=main.home2.show&amp;lng=DE\" target=\"_blank\" rel=\"noopener noreferrer\">http:\/\/ec.europa.eu\/consumers\/odr<\/a><br \/>Wir sind\u00a0<u>nicht<\/u>\u00a0bereit oder verpflichtet, an einem Streitbeilegungsverfahren vor einer Verbraucherschlichtungsstelle teilzunehmen.<\/p><p><strong>Produktion:<\/strong><br \/>STEINALT Media \u2022 <a href=\"http:\/\/www.steinalt.com\/\" target=\"_blank\" rel=\"noopener\">www.steinalt.com<\/a><\/p>\t\t\t\t\t\t\t\t<\/div>\n\t\t\t\t<\/div>\n\t\t\t\t<\/div>\n\t\t\t\t<\/div>\n\t\t<div class=\"elementor-element elementor-element-f063077 e-con-full e-flex e-con e-parent\" data-id=\"f063077\" data-element_type=\"container\" data-e-type=\"container\">\n\t\t\t\t<div class=\"elementor-element elementor-element-39f3f44 elementor-invisible elementor-widget elementor-widget-text-editor\" data-id=\"39f3f44\" data-element_type=\"widget\" data-e-type=\"widget\" data-settings=\"{&quot;_animation&quot;:&quot;fadeInUp&quot;}\" data-widget_type=\"text-editor.default\">\n\t\t\t\t<div class=\"elementor-widget-container\">\n\t\t\t\t\t\t\t\t\t<p><strong>Bildnachweis<br \/><\/strong>eigene Bilder: STEINALT Media<br \/>Visuals: Future-Set Mediadesign<br \/>AdobeStock: 56907115 @ DAR1930 \/ 87071772 @ nblxer \/ 344813503 @ tan4ikk \/ 380305182 @ deagreez \/ 228949628 @ Irina Schmidt \/ 217113349 @ BRAD \/ 307380340 @ Igor \/ 334732450 @ Hihitetlin \/ 358350095 @ monticellllo \/ 731635981 @ barmalini \/ 637006779 @ Keitma \/ 178139211 @ nesavinov \/ 214066588 @ karepa \/ 387578339 @ Serhii \/ 110944027 @ cook_inspire\u00a0<strong><br \/><\/strong><strong><br \/><\/strong><\/p><p><strong>Haftung f\u00fcr die Inhalte<\/strong><br \/>Als Diensteanbieter sind wir gem\u00e4\u00df \u00a7 7 Abs.1 TMG f\u00fcr eigene Inhalte auf diesen Seiten nach den allgemeinen Gesetzen verantwortlich. Nach \u00a7\u00a7 8 bis 10 TMG sind wir als Diensteanbieter jedoch nicht verpflichtet, \u00fcbermittelte oder gespeicherte fremde Informationen zu \u00fcberwachen oder nach Umst\u00e4nden zu forschen, die auf eine rechtswidrige T\u00e4tigkeit hinweisen. Verpflichtungen zur Entfernung oder Sperrung der Nutzung von Informationen nach den allgemeinen Gesetzen bleiben hiervon unber\u00fchrt. Eine diesbez\u00fcgliche Haftung ist jedoch erst ab dem Zeitpunkt der Kenntnis einer konkreten Rechtsverletzung m\u00f6glich. Bei Bekanntwerden von entsprechenden Rechtsverletzungen werden wir diese Inhalte umgehend entfernen.<\/p><p><strong>Haftung f\u00fcr die Links<br \/><\/strong>Unser Angebot enth\u00e4lt Links zu externen Webseiten Dritter, auf deren Inhalte wir keinen Einfluss haben. Deshalb k\u00f6nnen wir f\u00fcr diese fremden Inhalte auch keine Gew\u00e4hr \u00fcbernehmen. F\u00fcr die Inhalte der verlinkten Seiten ist stets der jeweilige Anbieter oder Betreiber der Seiten verantwortlich. Die verlinkten Seiten wurden zum Zeitpunkt der Verlinkung auf m\u00f6gliche Rechtsverst\u00f6\u00dfe \u00fcberpr\u00fcft. Rechtswidrige Inhalte waren zum Zeitpunkt der Verlinkung nicht erkennbar. Eine permanente inhaltliche Kontrolle der verlinkten Seiten ist jedoch ohne konkrete Anhaltspunkte einer Rechtsverletzung nicht zumutbar. Bei Bekanntwerden von Rechtsverletzungen werden wir derartige Links umgehend entfernen.<\/p><p><strong>Urheberrecht<br \/><\/strong>Die durch die Seitenbetreiber erstellten Inhalte und Werke auf diesen Seiten unterliegen dem deutschen Urheberrecht. Die Vervielf\u00e4ltigung, Bearbeitung, Verbreitung und jede Art der Verwertung au\u00dferhalb der Grenzen des Urheberrechtes bed\u00fcrfen der schriftlichen Zustimmung des jeweiligen Autors bzw. Erstellers. Downloads und Kopien dieser Seite sind nur f\u00fcr den privaten, nicht kommerziellen Gebrauch gestattet. Soweit die Inhalte auf dieser Seite nicht vom Betreiber erstellt wurden, werden die Urheberrechte Dritter beachtet. Insbesondere werden Inhalte Dritter als solche gekennzeichnet. Sollten Sie trotzdem auf eine Urheberrechtsverletzung aufmerksam werden, bitten wir um einen entsprechenden Hinweis. Bei Bekanntwerden von Rechtsverletzungen werden wir derartige Inhalte umgehend entfernen.<\/p><p><strong>Google Analytics<br \/><\/strong>Diese Website benutzt Google Analytics, einen Webanalysedienst der Googe Inc. (\u201eGoogle\u201c) Google Analytics verwendet sog. \u201eCookies\u201c, Textdateien, die auf Ihrem Computer gespeichert werden und die eine Analyse der Benutzung der Website durch Sie erm\u00f6glicht. Die durch den Cookie erzeugten Informationen \u00fcber Ihre Benutzung diese Website (einschlie\u00dflich Ihrer IP-Adresse) wird an einen Server der Google in den USA \u00fcbertragen und dort gespeichert. Google wird diese Informationen benutzen, um Ihre Nutzung der Website auszuwerten, um Reports \u00fcber die Websiteaktivit\u00e4ten f\u00fcr die Websitebetreiber zusammenzustellen und um weitere mit der Websitenutzung und der Internetnutzung verbundene Dienstleistungen zu erbringen. Auch wird Google diese Informationen gegebenenfalls an Dritte \u00fcbertragen, sofern dies gesetzlich vorgeschrieben oder soweit Dritte diese Daten im Auftrag von Google verarbeiten. Google wird in keinem Fall Ihre IP-Adresse mit anderen Daten der Google in Verbindung bringen. Sie k\u00f6nnen die Installation der Cookies durch eine entsprechende Einstellung Ihrer Browser Software verhindern; wir weisen Sie jedoch darauf hin, dass Sie in diesem Fall gegebenenfalls nicht s\u00e4mtliche Funktionen dieser Website voll umf\u00e4nglich nutzen k\u00f6nnen. Durch die Nutzung dieser Website erkl\u00e4ren Sie sich mit der Bearbeitung der \u00fcber Sie erhobenen Daten durch Google in der zuvor beschriebenen Art und Weise und zu dem zuvor benannten Zweck einverstanden.<\/p>\t\t\t\t\t\t\t\t<\/div>\n\t\t\t\t<\/div>\n\t\t\t\t<\/div>\n\t\t\t\t<\/div>\n\t\t","protected":false},"excerpt":{"rendered":"<p>Kulinarische K\u00f6stlichkeiten im Winter Cottage Berlin Angaben gem. \u00a75 TMG und \u00a755 ABS. 2 RSTV (\u201eImpressumspflicht\u201c) Impressum Webseiten Betreiber Name und Adresse des Webseiten-Betreibers*Look Catering UG (haftungsbeschr\u00e4nkt)Grabensprung 4DE &#8211; 12683 Berlin (Germany) Kontaktkan\u00e4le des Webseiten-Betreibers*Telefon: +49 (0)30 &#8211; 510 66 966Mobil: +49 (0)177 &#8211; 74 99 019E-Mail: info[at]look-catering.dePost: Grabensprung 4, 12683 Berlin *\u00a0Der Nutzung von [&hellip;]<\/p>\n","protected":false},"author":1,"featured_media":0,"parent":0,"menu_order":0,"comment_status":"closed","ping_status":"closed","template":"page-full-width.php","meta":{"_seopress_robots_primary_cat":"","_seopress_titles_title":"Impressum - WinterCottage Berlin Mitte","_seopress_titles_desc":"Dem Impressum entnehmen Sie alle relevanten Informationen.","_seopress_robots_index":"","footnotes":""},"class_list":["post-12277","page","type-page","status-publish","hentry"],"_links":{"self":[{"href":"https:\/\/wintercottage-berlin.de\/en\/wp-json\/wp\/v2\/pages\/12277","targetHints":{"allow":["GET"]}}],"collection":[{"href":"https:\/\/wintercottage-berlin.de\/en\/wp-json\/wp\/v2\/pages"}],"about":[{"href":"https:\/\/wintercottage-berlin.de\/en\/wp-json\/wp\/v2\/types\/page"}],"author":[{"embeddable":true,"href":"https:\/\/wintercottage-berlin.de\/en\/wp-json\/wp\/v2\/users\/1"}],"replies":[{"embeddable":true,"href":"https:\/\/wintercottage-berlin.de\/en\/wp-json\/wp\/v2\/comments?post=12277"}],"version-history":[{"count":0,"href":"https:\/\/wintercottage-berlin.de\/en\/wp-json\/wp\/v2\/pages\/12277\/revisions"}],"wp:attachment":[{"href":"https:\/\/wintercottage-berlin.de\/en\/wp-json\/wp\/v2\/media?parent=12277"}],"curies":[{"name":"wp","href":"https:\/\/api.w.org\/{rel}","templated":true}]}}